{"id":190,"date":"2024-03-07T09:04:53","date_gmt":"2024-03-07T08:04:53","guid":{"rendered":"http:\/\/jeanclaudeduret.fr\/?page_id=190"},"modified":"2024-11-03T17:15:40","modified_gmt":"2024-11-03T16:15:40","slug":"nos-realisations","status":"publish","type":"page","link":"https:\/\/jeanclaudeduret.fr\/index.php\/nos-realisations\/","title":{"rendered":"R\u00e9alisations"},"content":{"rendered":"\n<div class=\"wp-block-media-text is-stacked-on-mobile\" style=\"grid-template-columns:28% auto\"><figure class=\"wp-block-media-text__media\"><a href=\"https:\/\/jeanclaudeduret.fr\/index.php\/2024\/09\/02\/le-courage-de-la-foi\/\" target=\"_blank\" rel=\"noreferrer noopener\"><img loading=\"lazy\" decoding=\"async\" width=\"724\" height=\"1024\" src=\"https:\/\/jeanclaudeduret.fr\/wp-content\/uploads\/2024\/10\/Affiche_LCF_V2_web_2-724x1024.jpeg\" alt=\"\" class=\"wp-image-264 size-full\" srcset=\"https:\/\/jeanclaudeduret.fr\/wp-content\/uploads\/2024\/10\/Affiche_LCF_V2_web_2-724x1024.jpeg 724w, https:\/\/jeanclaudeduret.fr\/wp-content\/uploads\/2024\/10\/Affiche_LCF_V2_web_2-212x300.jpeg 212w, https:\/\/jeanclaudeduret.fr\/wp-content\/uploads\/2024\/10\/Affiche_LCF_V2_web_2-768x1086.jpeg 768w, https:\/\/jeanclaudeduret.fr\/wp-content\/uploads\/2024\/10\/Affiche_LCF_V2_web_2-1086x1536.jpeg 1086w, https:\/\/jeanclaudeduret.fr\/wp-content\/uploads\/2024\/10\/Affiche_LCF_V2_web_2-1448x2048.jpeg 1448w, https:\/\/jeanclaudeduret.fr\/wp-content\/uploads\/2024\/10\/Affiche_LCF_V2_web_2-scaled.jpeg 1810w\" sizes=\"auto, (max-width: 724px) 100vw, 724px\" \/><\/a><\/figure><div class=\"wp-block-media-text__content\">\n<p>\u00ab Le courage de la foi \u00bb nous interpelle sur la question fondamentale de l\u2019existence de Dieu. Nous avan\u00e7ons pas \u00e0 pas avec Louis, jeune homme d\u2019une vingtaine d\u2019ann\u00e9es, dont le grand-p\u00e8re, chr\u00e9tien, vient de mourir.<\/p>\n\n\n\n<p>Ce film a pour vocation de donner l\u2019envie aux croyants et aux non-croyants d\u2019approfondir leur r\u00e9flexion sur la foi, ses liens avec la raison et les doutes.<\/p>\n<\/div><\/div>\n\n\n\n<div class=\"wp-block-media-text is-stacked-on-mobile\" style=\"grid-template-columns:28% auto\"><figure class=\"wp-block-media-text__media\"><a href=\"a-lecoute-de-la-conscience\" target=\"_blank\" rel=\"noreferrer noopener\"><img loading=\"lazy\" decoding=\"async\" width=\"724\" height=\"1024\" src=\"http:\/\/jeanclaudeduret.fr\/wp-content\/uploads\/2024\/03\/Affiche_conscience_2-724x1024.jpg\" alt=\"\" class=\"wp-image-27 size-full\" srcset=\"https:\/\/jeanclaudeduret.fr\/wp-content\/uploads\/2024\/03\/Affiche_conscience_2-724x1024.jpg 724w, https:\/\/jeanclaudeduret.fr\/wp-content\/uploads\/2024\/03\/Affiche_conscience_2-212x300.jpg 212w, https:\/\/jeanclaudeduret.fr\/wp-content\/uploads\/2024\/03\/Affiche_conscience_2-768x1086.jpg 768w, https:\/\/jeanclaudeduret.fr\/wp-content\/uploads\/2024\/03\/Affiche_conscience_2.jpg 842w\" sizes=\"auto, (max-width: 724px) 100vw, 724px\" \/><\/a><\/figure><div class=\"wp-block-media-text__content\">\n<p>Ce film donne des rep\u00e8res pour se mettre \u00e0 l\u2019\u00e9coute de sa conscience et lui rester fid\u00e8le afin de d\u00e9couvrir en soi cette coh\u00e9rence de vie source de joie, de paix et de bonheur durable.<\/p>\n<\/div><\/div>\n\n\n\n<div class=\"wp-block-media-text is-stacked-on-mobile\" style=\"grid-template-columns:28% auto\"><figure class=\"wp-block-media-text__media\"><a href=\"le-combat-spirituel-pour-tous\" target=\"_blank\" rel=\"noreferrer noopener\"><img loading=\"lazy\" decoding=\"async\" width=\"620\" height=\"877\" src=\"http:\/\/jeanclaudeduret.fr\/wp-content\/uploads\/2024\/03\/Affiche_combat_620.png\" alt=\"\" class=\"wp-image-12 size-full\" srcset=\"https:\/\/jeanclaudeduret.fr\/wp-content\/uploads\/2024\/03\/Affiche_combat_620.png 620w, https:\/\/jeanclaudeduret.fr\/wp-content\/uploads\/2024\/03\/Affiche_combat_620-212x300.png 212w\" sizes=\"auto, (max-width: 620px) 100vw, 620px\" \/><\/a><\/figure><div class=\"wp-block-media-text__content\">\n<p>\u00ab On ne peut pas parler du combat spirituel sans parler de Satan \u00bb. Ce film l\u00e8ve le voile sur cette r\u00e9alit\u00e9 int\u00e9rieure qu\u2019est le combat de l\u2019esprit, combat de l\u2019homme pour aller vers Dieu qui l\u2019appelle et entrav\u00e9 par les manoeuvres de l\u2019adversaire.<\/p>\n<\/div><\/div>\n\n\n\n<div class=\"wp-block-media-text is-stacked-on-mobile\" style=\"grid-template-columns:28% auto\"><figure class=\"wp-block-media-text__media\"><a href=\"emprise-et-abus-spirituel\" target=\"_blank\" rel=\"noreferrer noopener\"><img loading=\"lazy\" decoding=\"async\" width=\"724\" height=\"1024\" src=\"http:\/\/jeanclaudeduret.fr\/wp-content\/uploads\/2024\/03\/Emprise_Affiche_web-724x1024.jpg\" alt=\"\" class=\"wp-image-35 size-full\" srcset=\"https:\/\/jeanclaudeduret.fr\/wp-content\/uploads\/2024\/03\/Emprise_Affiche_web-724x1024.jpg 724w, https:\/\/jeanclaudeduret.fr\/wp-content\/uploads\/2024\/03\/Emprise_Affiche_web-212x300.jpg 212w, https:\/\/jeanclaudeduret.fr\/wp-content\/uploads\/2024\/03\/Emprise_Affiche_web-768x1086.jpg 768w, https:\/\/jeanclaudeduret.fr\/wp-content\/uploads\/2024\/03\/Emprise_Affiche_web-1086x1536.jpg 1086w, https:\/\/jeanclaudeduret.fr\/wp-content\/uploads\/2024\/03\/Emprise_Affiche_web-1448x2048.jpg 1448w, https:\/\/jeanclaudeduret.fr\/wp-content\/uploads\/2024\/03\/Emprise_Affiche_web.jpg 1500w\" sizes=\"auto, (max-width: 724px) 100vw, 724px\" \/><\/a><\/figure><div class=\"wp-block-media-text__content\">\n<p>Ce documentaire a pour vocation d\u2019informer et d\u2019\u00e9duquer un large public aux possibles dangers de la recherche spirituelle.<\/p>\n<\/div><\/div>\n\n\n\n<div class=\"wp-block-media-text is-stacked-on-mobile\" style=\"grid-template-columns:28% auto\"><figure class=\"wp-block-media-text__media\"><a href=\"dieu-premier-servi\" target=\"_blank\" rel=\"noreferrer noopener\"><img loading=\"lazy\" decoding=\"async\" width=\"700\" height=\"989\" src=\"http:\/\/jeanclaudeduret.fr\/wp-content\/uploads\/2024\/03\/Affiche_Martin_700.png\" alt=\"\" class=\"wp-image-47 size-full\" srcset=\"https:\/\/jeanclaudeduret.fr\/wp-content\/uploads\/2024\/03\/Affiche_Martin_700.png 700w, https:\/\/jeanclaudeduret.fr\/wp-content\/uploads\/2024\/03\/Affiche_Martin_700-212x300.png 212w\" sizes=\"auto, (max-width: 700px) 100vw, 700px\" \/><\/a><\/figure><div class=\"wp-block-media-text__content\">\n<p>Ce documentaire veut nous proposer de rentrer en amiti\u00e9 avec ce couple, (parents de Sainte Th\u00e9r\u00e8se de l&rsquo;Enfant J\u00e9sus) afin d\u2019en tirer inspiration pour notre propre vie, et \u2013 pourquoi pas ? \u2013 prendre Saints Louis et Z\u00e9lie comme compagnons de route et demander leur intercession pour nos propres difficult\u00e9s personnelles et familiales de toutes sortes.<\/p>\n<\/div><\/div>\n\n\n\n<div class=\"wp-block-media-text is-stacked-on-mobile\" style=\"grid-template-columns:28% auto\"><figure class=\"wp-block-media-text__media\"><a href=\"mon-ame-a-soif-de-toi\" target=\"_blank\" rel=\"noreferrer noopener\"><img loading=\"lazy\" decoding=\"async\" width=\"727\" height=\"1024\" src=\"http:\/\/jeanclaudeduret.fr\/wp-content\/uploads\/2024\/03\/Jaquette_oraison_recto_webgrande-727x1024.jpg\" alt=\"\" class=\"wp-image-10 size-full\" srcset=\"https:\/\/jeanclaudeduret.fr\/wp-content\/uploads\/2024\/03\/Jaquette_oraison_recto_webgrande-727x1024.jpg 727w, https:\/\/jeanclaudeduret.fr\/wp-content\/uploads\/2024\/03\/Jaquette_oraison_recto_webgrande-213x300.jpg 213w, https:\/\/jeanclaudeduret.fr\/wp-content\/uploads\/2024\/03\/Jaquette_oraison_recto_webgrande-768x1082.jpg 768w, https:\/\/jeanclaudeduret.fr\/wp-content\/uploads\/2024\/03\/Jaquette_oraison_recto_webgrande-1091x1536.jpg 1091w, https:\/\/jeanclaudeduret.fr\/wp-content\/uploads\/2024\/03\/Jaquette_oraison_recto_webgrande-1454x2048.jpg 1454w, https:\/\/jeanclaudeduret.fr\/wp-content\/uploads\/2024\/03\/Jaquette_oraison_recto_webgrande.jpg 1543w\" sizes=\"auto, (max-width: 727px) 100vw, 727px\" \/><\/a><\/figure><div class=\"wp-block-media-text__content\">\n<p>Ce documentaire-fiction nous fait d\u00e9couvrir la pri\u00e8re silencieuse, telle qu\u2019elle est pratiqu\u00e9e \u00e0 travers le monde \u00e0 l\u2019\u00e9cole du Carmel. V\u00e9ritable chemin spirituel, cette pri\u00e8re silencieuse \u2013 aussi appel\u00e9e oraison \u2013 a \u00e9t\u00e9 initi\u00e9e par Ste Th\u00e9r\u00e8se d\u2019Avila, St Jean de la Croix et, plus pr\u00e8s de nous, Ste Th\u00e9r\u00e8se de l\u2019Enfant J\u00e9sus.&nbsp;<\/p>\n<\/div><\/div>\n\n\n\n<div class=\"wp-block-media-text is-stacked-on-mobile\" style=\"grid-template-columns:28% auto\"><figure class=\"wp-block-media-text__media\"><a href=\"ne-sois-pas-une-ame-banale\" target=\"_blank\" rel=\"noreferrer noopener\"><img loading=\"lazy\" decoding=\"async\" width=\"737\" height=\"1024\" src=\"http:\/\/jeanclaudeduret.fr\/wp-content\/uploads\/2024\/03\/Jaquette_Elisabeth_1569x2179_ocean-737x1024.jpg\" alt=\"\" class=\"wp-image-126 size-full\" srcset=\"https:\/\/jeanclaudeduret.fr\/wp-content\/uploads\/2024\/03\/Jaquette_Elisabeth_1569x2179_ocean-737x1024.jpg 737w, https:\/\/jeanclaudeduret.fr\/wp-content\/uploads\/2024\/03\/Jaquette_Elisabeth_1569x2179_ocean-216x300.jpg 216w, https:\/\/jeanclaudeduret.fr\/wp-content\/uploads\/2024\/03\/Jaquette_Elisabeth_1569x2179_ocean-768x1067.jpg 768w, https:\/\/jeanclaudeduret.fr\/wp-content\/uploads\/2024\/03\/Jaquette_Elisabeth_1569x2179_ocean-1106x1536.jpg 1106w, https:\/\/jeanclaudeduret.fr\/wp-content\/uploads\/2024\/03\/Jaquette_Elisabeth_1569x2179_ocean-1475x2048.jpg 1475w, https:\/\/jeanclaudeduret.fr\/wp-content\/uploads\/2024\/03\/Jaquette_Elisabeth_1569x2179_ocean.jpg 1569w\" sizes=\"auto, (max-width: 737px) 100vw, 737px\" \/><\/a><\/figure><div class=\"wp-block-media-text__content\">\n<p>Longtemps \u00e9clips\u00e9e par le rayonnement de Sainte Th\u00e9r\u00e8se de Lisieux, sa contemporaine et s\u0153ur dans le Carmel, cette jeune carm\u00e9lite de Dijon offre aujourd\u2019hui un tr\u00e9sor spirituel \u00e0 tous les chercheurs de Dieu, jeunes ou moins jeunes.&nbsp;<\/p>\n<\/div><\/div>\n\n\n\n<div class=\"wp-block-media-text is-stacked-on-mobile\" style=\"grid-template-columns:28% auto\"><figure class=\"wp-block-media-text__media\"><a href=\"lange-aujourdhui\" target=\"_blank\" rel=\"noreferrer noopener\"><img loading=\"lazy\" decoding=\"async\" width=\"724\" height=\"1024\" src=\"http:\/\/jeanclaudeduret.fr\/wp-content\/uploads\/2024\/03\/Couve_recto_Lange-724x1024.jpg\" alt=\"\" class=\"wp-image-98 size-full\" srcset=\"https:\/\/jeanclaudeduret.fr\/wp-content\/uploads\/2024\/03\/Couve_recto_Lange-724x1024.jpg 724w, https:\/\/jeanclaudeduret.fr\/wp-content\/uploads\/2024\/03\/Couve_recto_Lange-212x300.jpg 212w, https:\/\/jeanclaudeduret.fr\/wp-content\/uploads\/2024\/03\/Couve_recto_Lange-768x1086.jpg 768w, https:\/\/jeanclaudeduret.fr\/wp-content\/uploads\/2024\/03\/Couve_recto_Lange-1086x1536.jpg 1086w, https:\/\/jeanclaudeduret.fr\/wp-content\/uploads\/2024\/03\/Couve_recto_Lange-1448x2048.jpg 1448w, https:\/\/jeanclaudeduret.fr\/wp-content\/uploads\/2024\/03\/Couve_recto_Lange.jpg 1537w\" sizes=\"auto, (max-width: 724px) 100vw, 724px\" \/><\/a><\/figure><div class=\"wp-block-media-text__content\">\n<p>Un large public pourra tirer profit de ce film : les croyants \u2013 pour la richesse de la repr\u00e9sentation de l\u2019ange dans la chr\u00e9tient\u00e9 \u2013 comme les non-croyants qui d\u00e9couvrent souvent au travers des anges l\u2019existence d\u2019un monde invisible, trop souvent instrumentalis\u00e9.<\/p>\n<\/div><\/div>\n\n\n\n<p><\/p>\n\n\n\n<figure class=\"wp-block-image size-full is-resized\"><img loading=\"lazy\" decoding=\"async\" width=\"552\" height=\"102\" src=\"https:\/\/jeanclaudeduret.fr\/wp-content\/uploads\/2024\/03\/logo_Capuseen.png\" alt=\"\" class=\"wp-image-243\" style=\"width:174px;height:auto\" srcset=\"https:\/\/jeanclaudeduret.fr\/wp-content\/uploads\/2024\/03\/logo_Capuseen.png 552w, https:\/\/jeanclaudeduret.fr\/wp-content\/uploads\/2024\/03\/logo_Capuseen-300x55.png 300w\" sizes=\"auto, (max-width: 552px) 100vw, 552px\" \/><\/figure>\n\n\n\n<p>Les films sont disponibles en DVD ou VOD sur le site <a href=\"https:\/\/www.capuseen.com\/auteurs\/542-jean-claude-duret-anne-duret\" data-type=\"link\" data-id=\"https:\/\/www.capuseen.com\/auteurs\/542-jean-claude-duret-anne-duret\">Capuseen<\/a><\/p>\n","protected":false},"excerpt":{"rendered":"<p>\u00ab Le courage de la foi \u00bb nous interpelle sur la question fondamentale de l\u2019existence de Dieu. Nous avan\u00e7ons pas \u00e0 pas avec Louis, jeune homme d\u2019une vingtaine d\u2019ann\u00e9es, dont le grand-p\u00e8re, chr\u00e9tien, vient de mourir. Ce film a pour vocation de donner l\u2019envie aux croyants et aux non-croyants d\u2019approfondir leur r\u00e9flexion sur la foi, [&hellip;]<\/p>\n","protected":false},"author":1,"featured_media":216,"parent":0,"menu_order":0,"comment_status":"closed","ping_status":"closed","template":"","meta":{"footnotes":""},"class_list":["post-190","page","type-page","status-publish","has-post-thumbnail","hentry"],"_links":{"self":[{"href":"https:\/\/jeanclaudeduret.fr\/index.php\/wp-json\/wp\/v2\/pages\/190","targetHints":{"allow":["GET"]}}],"collection":[{"href":"https:\/\/jeanclaudeduret.fr\/index.php\/wp-json\/wp\/v2\/pages"}],"about":[{"href":"https:\/\/jeanclaudeduret.fr\/index.php\/wp-json\/wp\/v2\/types\/page"}],"author":[{"embeddable":true,"href":"https:\/\/jeanclaudeduret.fr\/index.php\/wp-json\/wp\/v2\/users\/1"}],"replies":[{"embeddable":true,"href":"https:\/\/jeanclaudeduret.fr\/index.php\/wp-json\/wp\/v2\/comments?post=190"}],"version-history":[{"count":25,"href":"https:\/\/jeanclaudeduret.fr\/index.php\/wp-json\/wp\/v2\/pages\/190\/revisions"}],"predecessor-version":[{"id":277,"href":"https:\/\/jeanclaudeduret.fr\/index.php\/wp-json\/wp\/v2\/pages\/190\/revisions\/277"}],"wp:featuredmedia":[{"embeddable":true,"href":"https:\/\/jeanclaudeduret.fr\/index.php\/wp-json\/wp\/v2\/media\/216"}],"wp:attachment":[{"href":"https:\/\/jeanclaudeduret.fr\/index.php\/wp-json\/wp\/v2\/media?parent=190"}],"curies":[{"name":"wp","href":"https:\/\/api.w.org\/{rel}","templated":true}]}}